{"id":395,"date":"2022-03-03T17:51:07","date_gmt":"2022-03-03T16:51:07","guid":{"rendered":"https:\/\/www.squeeze45.fr\/?page_id=395"},"modified":"2022-03-06T11:39:17","modified_gmt":"2022-03-06T10:39:17","slug":"dossier-technique","status":"publish","type":"page","link":"https:\/\/www.squeeze45.fr\/index.php\/dossier-technique\/","title":{"rendered":"INFORMATIONS"},"content":{"rendered":"\t\t<div data-elementor-type=\"wp-page\" data-elementor-id=\"395\" class=\"elementor elementor-395\">\n\t\t\t\t\t\t<section class=\"elementor-section elementor-top-section elementor-element elementor-element-f28ba40 elementor-section-boxed elementor-section-height-default elementor-section-height-default\" data-id=\"f28ba40\" data-element_type=\"section\">\n\t\t\t\t\t\t<div class=\"elementor-container elementor-column-gap-default\">\n\t\t\t\t\t<div class=\"elementor-column elementor-col-100 elementor-top-column elementor-element elementor-element-f1f1fde\" data-id=\"f1f1fde\" data-element_type=\"column\">\n\t\t\t<div class=\"elementor-widget-wrap elementor-element-populated\">\n\t\t\t\t\t\t<div class=\"elementor-element elementor-element-e5f35b2 elementor-widget elementor-widget-heading\" data-id=\"e5f35b2\" data-element_type=\"widget\" data-widget_type=\"heading.default\">\n\t\t\t\t<div class=\"elementor-widget-container\">\n\t\t\t<h2 class=\"elementor-heading-title elementor-size-default\">Dossier Technique t\u00e9l\u00e9chargeable :<\/h2>\t\t<\/div>\n\t\t\t\t<\/div>\n\t\t\t\t\t<\/div>\n\t\t<\/div>\n\t\t\t\t\t<\/div>\n\t\t<\/section>\n\t\t\t\t<section class=\"elementor-section elementor-top-section elementor-element elementor-element-1a81865 elementor-section-boxed elementor-section-height-default elementor-section-height-default\" data-id=\"1a81865\" data-element_type=\"section\">\n\t\t\t\t\t\t<div class=\"elementor-container elementor-column-gap-default\">\n\t\t\t\t\t<div class=\"elementor-column elementor-col-50 elementor-top-column elementor-element elementor-element-571bfa4\" data-id=\"571bfa4\" data-element_type=\"column\">\n\t\t\t<div class=\"elementor-widget-wrap elementor-element-populated\">\n\t\t\t\t\t\t<div class=\"elementor-element elementor-element-2af63f9 elementor-widget elementor-widget-text-editor\" data-id=\"2af63f9\" data-element_type=\"widget\" data-widget_type=\"text-editor.default\">\n\t\t\t\t<div class=\"elementor-widget-container\">\n\t\t\t\t\t\t\t<h3 style=\"text-align: right;\"><a href=\"https:\/\/www.squeeze45.fr\/wp-content\/uploads\/2022\/03\/Fiche-Technique-squeeze.pdf\"><strong>Groupe seul \u00e0 sonoriser<\/strong><strong> :<\/strong><\/a><\/h3>\n<div>\n<h3 style=\"text-align: right;\"><br><a href=\"https:\/\/www.squeeze45.fr\/wp-content\/uploads\/2022\/03\/Fiche-Technique-squeeze.pdf\"><strong><\/strong><strong>Groupe avec mat\u00e9riel<\/strong><strong> :<\/strong><\/a><\/h3>\n<\/div>\t\t\t\t\t\t<\/div>\n\t\t\t\t<\/div>\n\t\t\t\t\t<\/div>\n\t\t<\/div>\n\t\t\t\t<div class=\"elementor-column elementor-col-50 elementor-top-column elementor-element elementor-element-2978461\" data-id=\"2978461\" data-element_type=\"column\">\n\t\t\t<div class=\"elementor-widget-wrap elementor-element-populated\">\n\t\t\t\t\t\t<div class=\"elementor-element elementor-element-ea1987a elementor-widget elementor-widget-text-editor\" data-id=\"ea1987a\" data-element_type=\"widget\" data-widget_type=\"text-editor.default\">\n\t\t\t\t<div class=\"elementor-widget-container\">\n\t\t\t\t\t\t\t<h4 style=\"text-align: center;\"><a href=\"https:\/\/www.squeeze45.fr\/wp-content\/uploads\/2022\/03\/Fiche-Technique-squeeze.pdf\" target=\"_blank\" rel=\"noopener\">fiche technique groupe<\/a><\/h4>\n<p>\u00a0<\/p>\n<div>\n<h4 style=\"text-align: center;\"><a href=\"https:\/\/www.squeeze45.fr\/wp-content\/uploads\/2022\/03\/liste-materiel-fourni-squeeze.pdf\" target=\"_blank\" rel=\"noopener\">\u00a0\u00a0 fiche technique mat\u00e9riel<\/a><\/h4>\n<\/div>\t\t\t\t\t\t<\/div>\n\t\t\t\t<\/div>\n\t\t\t\t\t<\/div>\n\t\t<\/div>\n\t\t\t\t\t<\/div>\n\t\t<\/section>\n\t\t\t\t<section class=\"elementor-section elementor-top-section elementor-element elementor-element-8834bca elementor-section-boxed elementor-section-height-default elementor-section-height-default\" data-id=\"8834bca\" data-element_type=\"section\">\n\t\t\t\t\t\t<div class=\"elementor-container elementor-column-gap-default\">\n\t\t\t\t\t<div class=\"elementor-column elementor-col-100 elementor-top-column elementor-element elementor-element-d2dff46\" data-id=\"d2dff46\" data-element_type=\"column\">\n\t\t\t<div class=\"elementor-widget-wrap elementor-element-populated\">\n\t\t\t\t\t\t<div class=\"elementor-element elementor-element-7c9d66f elementor-widget elementor-widget-heading\" data-id=\"7c9d66f\" data-element_type=\"widget\" data-widget_type=\"heading.default\">\n\t\t\t\t<div class=\"elementor-widget-container\">\n\t\t\t<h2 class=\"elementor-heading-title elementor-size-default\">Informations techniques et administratives :<\/h2>\t\t<\/div>\n\t\t\t\t<\/div>\n\t\t\t\t\t<\/div>\n\t\t<\/div>\n\t\t\t\t\t<\/div>\n\t\t<\/section>\n\t\t\t\t<section class=\"elementor-section elementor-top-section elementor-element elementor-element-7245c9de elementor-section-boxed elementor-section-height-default elementor-section-height-default\" data-id=\"7245c9de\" data-element_type=\"section\">\n\t\t\t\t\t\t<div class=\"elementor-container elementor-column-gap-default\">\n\t\t\t\t\t<div class=\"elementor-column elementor-col-100 elementor-top-column elementor-element elementor-element-262fed2e\" data-id=\"262fed2e\" data-element_type=\"column\">\n\t\t\t<div class=\"elementor-widget-wrap elementor-element-populated\">\n\t\t\t\t\t\t<div class=\"elementor-element elementor-element-29d0299c elementor-widget elementor-widget-text-editor\" data-id=\"29d0299c\" data-element_type=\"widget\" data-widget_type=\"text-editor.default\">\n\t\t\t\t<div class=\"elementor-widget-container\">\n\t\t\t\t\t\t\t<p><!-- wp:paragraph --><\/p>\n<h3><span style=\"text-decoration: underline;\"><strong>Les pr\u00e9-requis du groupe pour chaque prestation :<\/strong><\/span><\/h3>\n<p><!-- \/wp:paragraph --><!-- wp:list --><\/p>\n<ul>\n<li>\n<h5>Un espace r\u00e9serv\u00e9, id\u00e9alement une sc\u00e8ne sur\u00e9lev\u00e9e de 20m\u00b2 minimum<\/h5>\n<\/li>\n<li>\n<h5>Un acc\u00e8s par v\u00e9hicule pr\u00e8s de cet espace (moins de 100m)<\/h5>\n<\/li>\n<li>\n<h5>Une protection contre le soleil et la pluie de cet espace<\/h5>\n<\/li>\n<li>\n<h5>Deux lignes directes de (16A minimum) sur sc\u00e8ne<\/h5>\n<\/li>\n<\/ul>\n<h5><!-- \/wp:list --><!-- wp:paragraph --><\/h5>\n<h5>\u00a0<\/h5>\n<p><!-- \/wp:paragraph --><\/p>\t\t\t\t\t\t<\/div>\n\t\t\t\t<\/div>\n\t\t\t\t\t<\/div>\n\t\t<\/div>\n\t\t\t\t\t<\/div>\n\t\t<\/section>\n\t\t\t\t<section class=\"elementor-section elementor-top-section elementor-element elementor-element-59a1202 elementor-section-boxed elementor-section-height-default elementor-section-height-default\" data-id=\"59a1202\" data-element_type=\"section\">\n\t\t\t\t\t\t<div class=\"elementor-container elementor-column-gap-default\">\n\t\t\t\t\t<div class=\"elementor-column elementor-col-100 elementor-top-column elementor-element elementor-element-145fe53\" data-id=\"145fe53\" data-element_type=\"column\">\n\t\t\t<div class=\"elementor-widget-wrap elementor-element-populated\">\n\t\t\t\t\t\t<div class=\"elementor-element elementor-element-aa0cec5 elementor-widget elementor-widget-text-editor\" data-id=\"aa0cec5\" data-element_type=\"widget\" data-widget_type=\"text-editor.default\">\n\t\t\t\t<div class=\"elementor-widget-container\">\n\t\t\t\t\t\t\t<p><!-- wp:paragraph --><\/p>\n<h3><span style=\"text-decoration: underline;\"><strong>Engagement du client :<\/strong><\/span><\/h3>\n<p><!-- \/wp:paragraph --><!-- wp:list --><\/p>\n<ul>\n<li>\n<h5>En cas de non-respect des pr\u00e9 requis, et sans accord pr\u00e9alable avec la boite \u00e0 groove sur une d\u00e9gradation des conditions, 50% du devis sera factur\u00e9 sans production du spectacle<\/h5>\n<\/li>\n<li>\n<h5>Le r\u00e8glement se fera en amont du spectacle, dans le cas contraire, la boite \u00e0 groove fixera le d\u00e9lai de r\u00e8glement par \u00e9crit avant la repr\u00e9sentation<\/h5>\n<\/li>\n<li>\n<h5>Le r\u00e8glement se fera par ch\u00e8que ou virement bancaire<\/h5>\n<\/li>\n<li>\n<h5>La TVA n\u2019est pas applicable<\/h5>\n<\/li>\n<\/ul>\n<h5><!-- \/wp:list --><!-- wp:paragraph --><\/h5>\n<h5>\u00a0<\/h5>\n<p><!-- \/wp:paragraph --><\/p>\t\t\t\t\t\t<\/div>\n\t\t\t\t<\/div>\n\t\t\t\t\t<\/div>\n\t\t<\/div>\n\t\t\t\t\t<\/div>\n\t\t<\/section>\n\t\t\t\t<\/div>\n\t\t","protected":false},"excerpt":{"rendered":"<p>Dossier Technique t\u00e9l\u00e9chargeable : Groupe seul \u00e0 sonoriser : Groupe avec mat\u00e9riel : fiche technique groupe \u00a0 \u00a0\u00a0 fiche technique [&hellip;]<\/p>\n","protected":false},"author":2,"featured_media":0,"parent":0,"menu_order":0,"comment_status":"closed","ping_status":"closed","template":"","meta":[],"_links":{"self":[{"href":"https:\/\/www.squeeze45.fr\/index.php\/wp-json\/wp\/v2\/pages\/395"}],"collection":[{"href":"https:\/\/www.squeeze45.fr\/index.php\/wp-json\/wp\/v2\/pages"}],"about":[{"href":"https:\/\/www.squeeze45.fr\/index.php\/wp-json\/wp\/v2\/types\/page"}],"author":[{"embeddable":true,"href":"https:\/\/www.squeeze45.fr\/index.php\/wp-json\/wp\/v2\/users\/2"}],"replies":[{"embeddable":true,"href":"https:\/\/www.squeeze45.fr\/index.php\/wp-json\/wp\/v2\/comments?post=395"}],"version-history":[{"count":19,"href":"https:\/\/www.squeeze45.fr\/index.php\/wp-json\/wp\/v2\/pages\/395\/revisions"}],"predecessor-version":[{"id":420,"href":"https:\/\/www.squeeze45.fr\/index.php\/wp-json\/wp\/v2\/pages\/395\/revisions\/420"}],"wp:attachment":[{"href":"https:\/\/www.squeeze45.fr\/index.php\/wp-json\/wp\/v2\/media?parent=395"}],"curies":[{"name":"wp","href":"https:\/\/api.w.org\/{rel}","templated":true}]}}