{"id":139,"date":"2021-07-05T17:44:24","date_gmt":"2021-07-05T15:44:24","guid":{"rendered":"https:\/\/www.squeeze45.fr\/?page_id=139"},"modified":"2024-12-24T17:50:08","modified_gmt":"2024-12-24T16:50:08","slug":"musiciens","status":"publish","type":"page","link":"https:\/\/www.squeeze45.fr\/index.php\/musiciens\/","title":{"rendered":"LES MUSICIENS"},"content":{"rendered":"\n<h2>LES MUSICIENS<\/h2>\n\n\n\n<figure class=\"wp-block-image\"><img src=\"https:\/\/www.squeeze45.fr\/wp-content\/uploads\/2021\/06\/DSC_0179-scaled.jpg\" alt=\"\" title=\"\"\/><\/figure>\n\n\n\n<figure class=\"wp-block-image size-large is-resized\"><img fetchpriority=\"high\" src=\"https:\/\/www.squeeze45.fr\/wp-content\/uploads\/2022\/05\/I87C7331-1024x683.jpg\" alt=\"\" class=\"wp-image-537\" width=\"512\" height=\"342\" srcset=\"https:\/\/www.squeeze45.fr\/wp-content\/uploads\/2022\/05\/I87C7331-1024x683.jpg 1024w, https:\/\/www.squeeze45.fr\/wp-content\/uploads\/2022\/05\/I87C7331-300x200.jpg 300w, https:\/\/www.squeeze45.fr\/wp-content\/uploads\/2022\/05\/I87C7331-768x512.jpg 768w, https:\/\/www.squeeze45.fr\/wp-content\/uploads\/2022\/05\/I87C7331-1536x1024.jpg 1536w, https:\/\/www.squeeze45.fr\/wp-content\/uploads\/2022\/05\/I87C7331-2048x1365.jpg 2048w\" sizes=\"(max-width: 512px) 100vw, 512px\" \/><figcaption><a href=\"https:\/\/www.facebook.com\/lainlain45\">Cr\u00e9dit Photo : Alain Fauconnier<\/a><\/figcaption><\/figure>\n\n\n\n<p><\/p>\n\n\n\n<h2>CHANT<\/h2>\n\n\n\n<h4><strong data-rich-text-format-boundary=\"true\">C\u00e9cile Perret &#8211; Notre Chanteuse<\/strong><\/h4>\n\n\n\n<h4>\u00c9galement pianiste, C\u00e9cile se produit depuis plus de 10 ans sur sc\u00e8ne.<br>Avec sa voix puissante et dynamique, elle mettra le feu \u00e0 l\u2019auditoire<br>Impossible de rester indiff\u00e9rent \u00e0 cette voix sublime.<\/h4>\n\n\n\n<p><\/p>\n\n\n\n<p><\/p>\n\n\n\n<figure class=\"wp-block-image size-large is-resized\"><img src=\"https:\/\/www.squeeze45.fr\/wp-content\/uploads\/2022\/05\/I87C7290-683x1024.jpg\" alt=\"\" class=\"wp-image-604\" width=\"342\" height=\"512\" srcset=\"https:\/\/www.squeeze45.fr\/wp-content\/uploads\/2022\/05\/I87C7290-683x1024.jpg 683w, https:\/\/www.squeeze45.fr\/wp-content\/uploads\/2022\/05\/I87C7290-200x300.jpg 200w, https:\/\/www.squeeze45.fr\/wp-content\/uploads\/2022\/05\/I87C7290-768x1152.jpg 768w, https:\/\/www.squeeze45.fr\/wp-content\/uploads\/2022\/05\/I87C7290-1024x1536.jpg 1024w, https:\/\/www.squeeze45.fr\/wp-content\/uploads\/2022\/05\/I87C7290-1365x2048.jpg 1365w, https:\/\/www.squeeze45.fr\/wp-content\/uploads\/2022\/05\/I87C7290-scaled.jpg 1706w\" sizes=\"(max-width: 342px) 100vw, 342px\" \/><figcaption><a href=\"https:\/\/www.facebook.com\/lainlain45\">Cr\u00e9dit Photo : Alain Fauconnier<\/a><\/figcaption><\/figure>\n\n\n\n<p><\/p>\n\n\n\n<h2>Guitare Lead<\/h2>\n\n\n\n<h4><strong data-rich-text-format-boundary=\"true\">Jean-Philippe Castel &#8211; Notre Guitariste Choriste<\/strong><\/h4>\n\n\n\n<p>Avec un son pr\u00e9cis une dext\u00e9rit\u00e9 hors pair chaque solo sera magique.<br>Un son inimitable, toujours soign\u00e9 vous fera vibrer.<\/p>\n\n\n\n<p><\/p>\n\n\n\n<p><\/p>\n\n\n\n<p><\/p>\n\n\n\n<figure class=\"wp-block-image\"><img src=\"https:\/\/www.squeeze45.fr\/wp-content\/uploads\/2021\/06\/DSC_0136-1-scaled.jpg\" alt=\"\" title=\"\"\/><\/figure>\n\n\n\n<figure class=\"wp-block-image size-large is-resized\"><img src=\"https:\/\/www.squeeze45.fr\/wp-content\/uploads\/2022\/05\/I87C7233-1024x683.jpg\" alt=\"\" class=\"wp-image-571\" width=\"512\" height=\"342\" srcset=\"https:\/\/www.squeeze45.fr\/wp-content\/uploads\/2022\/05\/I87C7233-1024x683.jpg 1024w, https:\/\/www.squeeze45.fr\/wp-content\/uploads\/2022\/05\/I87C7233-300x200.jpg 300w, https:\/\/www.squeeze45.fr\/wp-content\/uploads\/2022\/05\/I87C7233-768x512.jpg 768w, https:\/\/www.squeeze45.fr\/wp-content\/uploads\/2022\/05\/I87C7233-1536x1024.jpg 1536w, https:\/\/www.squeeze45.fr\/wp-content\/uploads\/2022\/05\/I87C7233-2048x1366.jpg 2048w\" sizes=\"(max-width: 512px) 100vw, 512px\" \/><figcaption><a href=\"https:\/\/www.facebook.com\/lainlain45\">Cr\u00e9dit Photo : Alain Fauconnier<\/a><\/figcaption><\/figure>\n\n\n\n<p><\/p>\n\n\n\n<h2>Guitare Rythm<\/h2>\n\n\n\n<h4><strong>Mathieu Pornin &#8211; Notre Guitariste Choriste<br><\/strong><br>Une pr\u00e9sence, un son qui ne laissera personne indiff\u00e9rent.<br>Le soutien m\u00e9lodique r\u00eav\u00e9<\/h4>\n\n\n\n<p><\/p>\n\n\n\n<p><\/p>\n\n\n\n<p><\/p>\n\n\n\n<figure class=\"wp-block-image\"><img src=\"https:\/\/www.squeeze45.fr\/wp-content\/uploads\/2021\/06\/DSC_0066-scaled.jpg\" alt=\"\" title=\"\"\/><\/figure>\n\n\n\n<figure class=\"wp-block-image size-large is-resized\"><img loading=\"lazy\" src=\"https:\/\/www.squeeze45.fr\/wp-content\/uploads\/2022\/05\/I87C7258-683x1024.jpg\" alt=\"\" class=\"wp-image-583\" width=\"342\" height=\"512\" srcset=\"https:\/\/www.squeeze45.fr\/wp-content\/uploads\/2022\/05\/I87C7258-683x1024.jpg 683w, https:\/\/www.squeeze45.fr\/wp-content\/uploads\/2022\/05\/I87C7258-200x300.jpg 200w, https:\/\/www.squeeze45.fr\/wp-content\/uploads\/2022\/05\/I87C7258-768x1152.jpg 768w, https:\/\/www.squeeze45.fr\/wp-content\/uploads\/2022\/05\/I87C7258-1024x1536.jpg 1024w, https:\/\/www.squeeze45.fr\/wp-content\/uploads\/2022\/05\/I87C7258-1365x2048.jpg 1365w, https:\/\/www.squeeze45.fr\/wp-content\/uploads\/2022\/05\/I87C7258-scaled.jpg 1706w\" sizes=\"(max-width: 342px) 100vw, 342px\" \/><figcaption><a href=\"https:\/\/www.facebook.com\/lainlain45\">Cr\u00e9dit Photo : Alain Fauconnier<\/a><\/figcaption><\/figure>\n\n\n\n<p><\/p>\n\n\n\n<h2>Clavier<\/h2>\n\n\n\n<h4><strong data-rich-text-format-boundary=\"true\">J\u00e9r\u00f4me Guilhen &#8211; Notre Clavier Choriste<\/strong><\/h4>\n\n\n\n<h4><br>Le son Squeeze dans son essence m\u00eame. <br>Rhodes, Hammond, Clavinette, un plaisir \u00e0 chaque preset. <br>Toujours le bon son pour mettre en valeur l&#8217;\u00e9quipe.<\/h4>\n\n\n\n<p><\/p>\n\n\n\n<p><\/p>\n\n\n\n<figure class=\"wp-block-image size-large is-resized\"><img loading=\"lazy\" src=\"https:\/\/www.squeeze45.fr\/wp-content\/uploads\/2024\/12\/bitou-1024x1024.jpg\" alt=\"\" class=\"wp-image-777\" width=\"512\" height=\"512\" srcset=\"https:\/\/www.squeeze45.fr\/wp-content\/uploads\/2024\/12\/bitou-1024x1024.jpg 1024w, https:\/\/www.squeeze45.fr\/wp-content\/uploads\/2024\/12\/bitou-300x300.jpg 300w, https:\/\/www.squeeze45.fr\/wp-content\/uploads\/2024\/12\/bitou-150x150.jpg 150w, https:\/\/www.squeeze45.fr\/wp-content\/uploads\/2024\/12\/bitou-768x769.jpg 768w, https:\/\/www.squeeze45.fr\/wp-content\/uploads\/2024\/12\/bitou.jpg 1365w\" sizes=\"(max-width: 512px) 100vw, 512px\" \/><\/figure>\n\n\n\n<p><\/p>\n\n\n\n<h2>Basse<\/h2>\n\n\n\n<h4><strong>Bi Xiong &#8211; Notre Bassiste<\/strong><\/h4>\n\n\n\n<h4><br>Les basses pr\u00e9cises qui font vibrer le caisson, c&#8217;est lui !<br>Le Groove en tandem avec la Batterie<\/h4>\n\n\n\n<p><\/p>\n\n\n\n<p><\/p>\n\n\n\n<figure class=\"wp-block-image size-large is-resized\"><img loading=\"lazy\" src=\"https:\/\/www.squeeze45.fr\/wp-content\/uploads\/2022\/05\/I87C7307-1024x683.jpg\" alt=\"\" class=\"wp-image-616\" width=\"512\" height=\"342\" srcset=\"https:\/\/www.squeeze45.fr\/wp-content\/uploads\/2022\/05\/I87C7307-1024x683.jpg 1024w, https:\/\/www.squeeze45.fr\/wp-content\/uploads\/2022\/05\/I87C7307-300x200.jpg 300w, https:\/\/www.squeeze45.fr\/wp-content\/uploads\/2022\/05\/I87C7307-768x512.jpg 768w, https:\/\/www.squeeze45.fr\/wp-content\/uploads\/2022\/05\/I87C7307-1536x1024.jpg 1536w, https:\/\/www.squeeze45.fr\/wp-content\/uploads\/2022\/05\/I87C7307-2048x1365.jpg 2048w\" sizes=\"(max-width: 512px) 100vw, 512px\" \/><figcaption><a href=\"https:\/\/www.facebook.com\/lainlain45\">Cr\u00e9dit Photo : Alain Fauconnier<\/a><\/figcaption><\/figure>\n\n\n\n<p><\/p>\n\n\n\n<h2>Batterie<\/h2>\n\n\n\n<h4><strong data-rich-text-format-boundary=\"true\">Pierrick Vi\u00e9 &#8211; Notre Batteur<\/strong><br data-rich-text-line-break=\"true\">Le patron du rythme qui s&#8217;associe au bassiste, au service du Groove.<br data-rich-text-line-break=\"true\">Avec une Batterie acoustique ou \u00c9lectronique, <br data-rich-text-line-break=\"true\">jamais trop fort, mais toujours pr\u00e9sent.<\/h4>\n","protected":false},"excerpt":{"rendered":"<p>LES MUSICIENS CHANT C\u00e9cile Perret &#8211; Notre Chanteuse \u00c9galement pianiste, C\u00e9cile se produit depuis plus de 10 ans sur sc\u00e8ne.Avec [&hellip;]<\/p>\n","protected":false},"author":2,"featured_media":0,"parent":0,"menu_order":0,"comment_status":"closed","ping_status":"closed","template":"elementor_theme","meta":[],"_links":{"self":[{"href":"https:\/\/www.squeeze45.fr\/index.php\/wp-json\/wp\/v2\/pages\/139"}],"collection":[{"href":"https:\/\/www.squeeze45.fr\/index.php\/wp-json\/wp\/v2\/pages"}],"about":[{"href":"https:\/\/www.squeeze45.fr\/index.php\/wp-json\/wp\/v2\/types\/page"}],"author":[{"embeddable":true,"href":"https:\/\/www.squeeze45.fr\/index.php\/wp-json\/wp\/v2\/users\/2"}],"replies":[{"embeddable":true,"href":"https:\/\/www.squeeze45.fr\/index.php\/wp-json\/wp\/v2\/comments?post=139"}],"version-history":[{"count":86,"href":"https:\/\/www.squeeze45.fr\/index.php\/wp-json\/wp\/v2\/pages\/139\/revisions"}],"predecessor-version":[{"id":780,"href":"https:\/\/www.squeeze45.fr\/index.php\/wp-json\/wp\/v2\/pages\/139\/revisions\/780"}],"wp:attachment":[{"href":"https:\/\/www.squeeze45.fr\/index.php\/wp-json\/wp\/v2\/media?parent=139"}],"curies":[{"name":"wp","href":"https:\/\/api.w.org\/{rel}","templated":true}]}}