{"id":13,"date":"2021-06-30T13:10:02","date_gmt":"2021-06-30T11:10:02","guid":{"rendered":"http:\/\/squeeze45.fr\/?page_id=13"},"modified":"2025-02-21T17:18:36","modified_gmt":"2025-02-21T16:18:36","slug":"13-2","status":"publish","type":"page","link":"https:\/\/www.squeeze45.fr\/","title":{"rendered":""},"content":{"rendered":"\n<figure class=\"wp-block-image alignfull size-large is-style-rounded\"><img fetchpriority=\"high\" width=\"1024\" height=\"254\" src=\"https:\/\/www.squeeze45.fr\/wp-content\/uploads\/2025\/01\/couv-site-1-1024x254.jpg\" alt=\"\" class=\"wp-image-802\" srcset=\"https:\/\/www.squeeze45.fr\/wp-content\/uploads\/2025\/01\/couv-site-1-1024x254.jpg 1024w, https:\/\/www.squeeze45.fr\/wp-content\/uploads\/2025\/01\/couv-site-1-300x74.jpg 300w, https:\/\/www.squeeze45.fr\/wp-content\/uploads\/2025\/01\/couv-site-1-768x191.jpg 768w, https:\/\/www.squeeze45.fr\/wp-content\/uploads\/2025\/01\/couv-site-1.jpg 1491w\" sizes=\"(max-width: 1024px) 100vw, 1024px\" \/><\/figure>\n\n\n\n<h2 class=\"has-text-align-center\">Bienvenue chez SQUEEZE !<\/h2>\n\n\n\n<p class=\"has-regular-font-size\">D&#8217;apr\u00e8s Festicolor : <\/p>\n\n\n\n<p class=\"has-regular-font-size\" style=\"font-style:normal;font-weight:800\">&#8221; Squeeze, c\u2019est une aventure musicale unique port\u00e9e par six musiciens talentueux originaires du Loiret, unis par une passion commune : offrir au public un m\u00e9lange irr\u00e9sistible de blues, de rock et de groove.<\/p>\n\n\n\n<p class=\"has-regular-font-size\" style=\"font-style:normal;font-weight:800\">Leur \u00e9nergie d\u00e9bordante et leur plaisir de jouer ensemble se refl\u00e8tent dans chaque note, cr\u00e9ant des performances vibrantes et m\u00e9morables.<\/p>\n\n\n\n<p class=\"has-regular-font-size\" style=\"font-style:normal;font-weight:800\">Leur r\u00e9pertoire m\u00eale habilement les grands classiques du blues et du rock, ainsi que des morceaux plus personnels o\u00f9 s\u2019exprime toute leur cr\u00e9ativit\u00e9.<\/p>\n\n\n\n<p class=\"has-regular-font-size\" style=\"font-style:normal;font-weight:800\">Avec des guitares \u00e9lectriques envo\u00fbtantes, une section rythmique puissante et une voie captivante, Squeeze invite \u00e0 un voyage musical o\u00f9 authenticit\u00e9 et modernit\u00e9 se rencontrent. Chaque membre du groupe apporte sa touche personnelle, enrichissant un univers sonore riche et diversifi\u00e9.<\/p>\n\n\n\n<p class=\"has-regular-font-size\" style=\"font-style:normal;font-weight:800\">Que vous soyez passionn\u00e9 de musique ou simplement \u00e0 la recherche d\u2019un moment de plaisir et de partage, Squeeze promet de faire vibrer toutes les g\u00e9n\u00e9rations !&#8221;<\/p>\n\n\n\n<p class=\"has-regular-font-size\">Merci beaucoup \u00e0 Festicolor pour ce descriptif !<\/p>\n\n\n\n<p><\/p>\n\n\n\n<figure class=\"wp-block-image size-full\"><a href=\"https:\/\/www.facebook.com\/france3centre\/videos\/991683419488115\"><img width=\"920\" height=\"914\" src=\"https:\/\/www.squeeze45.fr\/wp-content\/uploads\/2025\/02\/clip-radio-ici-orleans.jpg\" alt=\"\" class=\"wp-image-829\" srcset=\"https:\/\/www.squeeze45.fr\/wp-content\/uploads\/2025\/02\/clip-radio-ici-orleans.jpg 920w, https:\/\/www.squeeze45.fr\/wp-content\/uploads\/2025\/02\/clip-radio-ici-orleans-300x298.jpg 300w, https:\/\/www.squeeze45.fr\/wp-content\/uploads\/2025\/02\/clip-radio-ici-orleans-150x150.jpg 150w, https:\/\/www.squeeze45.fr\/wp-content\/uploads\/2025\/02\/clip-radio-ici-orleans-768x763.jpg 768w\" sizes=\"(max-width: 920px) 100vw, 920px\" \/><\/a><figcaption>Enregistrement passage radio France Ici Orl\u00e9ans et vid\u00e9o de France 3 Centre Val de Loire &#8211; F\u00e9vrier 2025 &#8211; version acoustique de Libre<\/figcaption><\/figure>\n\n\n\n<figure class=\"wp-block-embed is-type-video is-provider-youtube wp-block-embed-youtube wp-embed-aspect-16-9 wp-has-aspect-ratio\"><div class=\"wp-block-embed__wrapper\">\n<iframe title=\"SQUEEZE  label tremp libre\" width=\"640\" height=\"360\" src=\"https:\/\/www.youtube.com\/embed\/pNWZrtq993k?feature=oembed\" frameborder=\"0\" allow=\"accelerometer; autoplay; clipboard-write; encrypted-media; gyroscope; picture-in-picture; web-share\" referrerpolicy=\"strict-origin-when-cross-origin\" allowfullscreen><\/iframe>\n<\/div><figcaption>Label Tremp 2022 &#8211; version originale de Libre<\/figcaption><\/figure>\n\n\n\n<h2>CONCERTS \/ FESTIVALS \/ SPECTACLES<br>VINS D&#8217;HONNEUR \/ EVENEMENTIELS <\/h2>\n\n\n\n<p><\/p>\n\n\n\n<figure class=\"wp-block-pullquote\"><blockquote><p>Contactez nous pour obtenir un devis personnalis\u00e9 via<br>L&#8217;association &#8220;Squeeze45&#8221;<\/p><\/blockquote><\/figure>\n\n\n\n<p><\/p>\n","protected":false},"excerpt":{"rendered":"<p>Bienvenue chez SQUEEZE ! D&#8217;apr\u00e8s Festicolor : &#8221; Squeeze, c\u2019est une aventure musicale unique port\u00e9e par six musiciens talentueux originaires [&hellip;]<\/p>\n","protected":false},"author":2,"featured_media":0,"parent":0,"menu_order":0,"comment_status":"closed","ping_status":"closed","template":"","meta":[],"_links":{"self":[{"href":"https:\/\/www.squeeze45.fr\/index.php\/wp-json\/wp\/v2\/pages\/13"}],"collection":[{"href":"https:\/\/www.squeeze45.fr\/index.php\/wp-json\/wp\/v2\/pages"}],"about":[{"href":"https:\/\/www.squeeze45.fr\/index.php\/wp-json\/wp\/v2\/types\/page"}],"author":[{"embeddable":true,"href":"https:\/\/www.squeeze45.fr\/index.php\/wp-json\/wp\/v2\/users\/2"}],"replies":[{"embeddable":true,"href":"https:\/\/www.squeeze45.fr\/index.php\/wp-json\/wp\/v2\/comments?post=13"}],"version-history":[{"count":11,"href":"https:\/\/www.squeeze45.fr\/index.php\/wp-json\/wp\/v2\/pages\/13\/revisions"}],"predecessor-version":[{"id":832,"href":"https:\/\/www.squeeze45.fr\/index.php\/wp-json\/wp\/v2\/pages\/13\/revisions\/832"}],"wp:attachment":[{"href":"https:\/\/www.squeeze45.fr\/index.php\/wp-json\/wp\/v2\/media?parent=13"}],"curies":[{"name":"wp","href":"https:\/\/api.w.org\/{rel}","templated":true}]}}